{"id":2337,"date":"2022-07-01T17:12:35","date_gmt":"2022-07-01T15:12:35","guid":{"rendered":"https:\/\/tastytravellife.com\/?page_id=2337"},"modified":"2022-07-15T16:32:57","modified_gmt":"2022-07-15T14:32:57","slug":"recherche-destination-voyage","status":"publish","type":"page","link":"https:\/\/tastytravellife.com\/fr\/recherche-destination-voyage\/","title":{"rendered":"Recherche de destination de voyage"},"content":{"rendered":"<hr class=\"wp-block-separator has-alpha-channel-opacity\"\/>\n\n\n\n<p>Il est temps de chercher votre prochaine destination sur la carte\u00a0! Vous pouvez facilement rechercher un lieu sur la carte. Vous souhaitez l&#039;agrandir\u00a0? Cliquez sur le cadre dans le coin droit pour afficher la carte en plein \u00e9cran et amusez-vous \u00e0 chercher. <\/p>\n\n\n\n<p class=\"has-text-align-center has-background has-medium-font-size\" style=\"background-color:#ecf6ea\"><strong><em>Recherchez votre prochaine aventure de voyage sur la carte ci-dessous<\/em><\/strong><\/p>\n\n\n\n<p>Chaque destination sera marqu\u00e9e d&#039;une \u00e9pingle sur la carte. Ces \u00e9pingles repr\u00e9sentent ce que vous pouvez voir ou faire \u00e0 cet endroit. Vous avez trouv\u00e9 une \u00e9pingle avec un randonneur\u00a0? J&#039;ai ensuite \u00e9crit un article sur la superbe randonn\u00e9e que vous pouvez faire \u00e0 cet endroit. Cette carte est id\u00e9ale pour trouver votre nouvelle destination de voyage. <\/p>\n\n\n\n<p>Cette carte propose de nombreuses destinations incroyables pour votre prochain voyage en avion, en voiture ou en camping-car. Partez \u00e0 la recherche de votre prochaine aventure d\u00e8s maintenant\u00a0! <\/p>\n\n\n\n<hr class=\"wp-block-separator has-alpha-channel-opacity\"\/>\n\n\n\n<div id=\"travelersmap-container-69f177ab4c7dc\" class=\"travelersmap-container\" style=\"z-index: 1; min-height: 10px; min-width:10px; height:600px;width:100%; max-width:; max-height:; position:relative;\"><div style=\"position:absolute; z-index:-1;top: 50%;text-align: center;display: block;left: 50%;transform: translate(-50%,-50%);\">Travelers' Map is loading...<br>If you see this after your page is loaded completely, leafletJS files are missing.<\/div><\/div>\n\n\n\n<hr class=\"wp-block-separator has-alpha-channel-opacity\"\/>\n\n\n\n<p class=\"has-text-align-center has-background has-medium-font-size\" style=\"background-color:#ecf6ea\"><strong><em><a href=\"https:\/\/tastytravellife.com\/fr\/recettes-vegetaliennes\/\">Vous vous demandez quoi manger en voyage\u00a0? N&#039;oubliez pas de consulter nos d\u00e9licieuses recettes\u00a0! <\/a><\/em><\/strong><\/p>\n\n\n\n<hr class=\"wp-block-separator has-alpha-channel-opacity\"\/>","protected":false},"excerpt":{"rendered":"<p>It is time to search your next travel destination on the map! You can easily search on the map for a spot. Want it bigger ? Click on the box in the right corner to make the map full screen and have fun searching. Search for your next travel adventure on the map below Each [&hellip;]<\/p>","protected":false},"author":1,"featured_media":1423,"parent":0,"menu_order":0,"comment_status":"closed","ping_status":"closed","template":"","meta":{"wprm-recipe-roundup-name":"","wprm-recipe-roundup-description":"","footnotes":""},"class_list":["post-2337","page","type-page","status-publish","has-post-thumbnail","hentry"],"yoast_head":"<!-- This site is optimized with the Yoast SEO plugin v27.5 - https:\/\/yoast.com\/product\/yoast-seo-wordpress\/ -->\n<title>Travel Destination Search | Tasty Travel Life<\/title>\n<meta name=\"description\" content=\"This map contains multiple amazing travel destinations by plane, car or camper. Go search for your next travel destination now!\" \/>\n<meta name=\"robots\" content=\"index, follow, max-snippet:-1, max-image-preview:large, max-video-preview:-1\" \/>\n<link rel=\"canonical\" href=\"https:\/\/tastytravellife.com\/fr\/recherche-destination-voyage\/\" \/>\n<meta property=\"og:locale\" content=\"fr_FR\" \/>\n<meta property=\"og:type\" content=\"article\" \/>\n<meta property=\"og:title\" content=\"Travel Destination Search | Tasty Travel Life\" \/>\n<meta property=\"og:description\" content=\"This map contains multiple amazing travel destinations by plane, car or camper. Go search for your next travel destination now!\" \/>\n<meta property=\"og:url\" content=\"https:\/\/tastytravellife.com\/fr\/recherche-destination-voyage\/\" \/>\n<meta property=\"og:site_name\" content=\"Tasty Travel Life\" \/>\n<meta property=\"article:publisher\" content=\"https:\/\/www.facebook.com\/tasty.travel.life\" \/>\n<meta property=\"article:modified_time\" content=\"2022-07-15T14:32:57+00:00\" \/>\n<meta property=\"og:image\" content=\"https:\/\/tastytravellife.com\/wp-content\/uploads\/2022\/03\/fav-icon-Tasty-Travel-Life.png\" \/>\n\t<meta property=\"og:image:width\" content=\"136\" \/>\n\t<meta property=\"og:image:height\" content=\"136\" \/>\n\t<meta property=\"og:image:type\" content=\"image\/png\" \/>\n<meta name=\"twitter:card\" content=\"summary_large_image\" \/>\n<meta name=\"twitter:site\" content=\"@TastyTravelLife\" \/>\n<meta name=\"twitter:label1\" content=\"Dur\u00e9e de lecture estim\u00e9e\" \/>\n\t<meta name=\"twitter:data1\" content=\"1 minute\" \/>\n<script type=\"application\/ld+json\" class=\"yoast-schema-graph\">{\"@context\":\"https:\\\/\\\/schema.org\",\"@graph\":[{\"@type\":\"WebPage\",\"@id\":\"https:\\\/\\\/tastytravellife.com\\\/travel-destination-search\\\/\",\"url\":\"https:\\\/\\\/tastytravellife.com\\\/travel-destination-search\\\/\",\"name\":\"Travel Destination Search | Tasty Travel Life\",\"isPartOf\":{\"@id\":\"https:\\\/\\\/tastytravellife.com\\\/#website\"},\"primaryImageOfPage\":{\"@id\":\"https:\\\/\\\/tastytravellife.com\\\/travel-destination-search\\\/#primaryimage\"},\"image\":{\"@id\":\"https:\\\/\\\/tastytravellife.com\\\/travel-destination-search\\\/#primaryimage\"},\"thumbnailUrl\":\"https:\\\/\\\/tastytravellife.com\\\/wp-content\\\/uploads\\\/2022\\\/03\\\/fav-icon-Tasty-Travel-Life.png\",\"datePublished\":\"2022-07-01T15:12:35+00:00\",\"dateModified\":\"2022-07-15T14:32:57+00:00\",\"description\":\"This map contains multiple amazing travel destinations by plane, car or camper. Go search for your next travel destination now!\",\"breadcrumb\":{\"@id\":\"https:\\\/\\\/tastytravellife.com\\\/travel-destination-search\\\/#breadcrumb\"},\"inLanguage\":\"fr-FR\",\"potentialAction\":[{\"@type\":\"ReadAction\",\"target\":[\"https:\\\/\\\/tastytravellife.com\\\/travel-destination-search\\\/\"]}]},{\"@type\":\"ImageObject\",\"inLanguage\":\"fr-FR\",\"@id\":\"https:\\\/\\\/tastytravellife.com\\\/travel-destination-search\\\/#primaryimage\",\"url\":\"https:\\\/\\\/tastytravellife.com\\\/wp-content\\\/uploads\\\/2022\\\/03\\\/fav-icon-Tasty-Travel-Life.png\",\"contentUrl\":\"https:\\\/\\\/tastytravellife.com\\\/wp-content\\\/uploads\\\/2022\\\/03\\\/fav-icon-Tasty-Travel-Life.png\",\"width\":136,\"height\":136,\"caption\":\"fav icon Tasty Travel Life\"},{\"@type\":\"BreadcrumbList\",\"@id\":\"https:\\\/\\\/tastytravellife.com\\\/travel-destination-search\\\/#breadcrumb\",\"itemListElement\":[{\"@type\":\"ListItem\",\"position\":1,\"name\":\"Home\",\"item\":\"https:\\\/\\\/tastytravellife.com\\\/\"},{\"@type\":\"ListItem\",\"position\":2,\"name\":\"Travel Destination Search\"}]},{\"@type\":\"WebSite\",\"@id\":\"https:\\\/\\\/tastytravellife.com\\\/#website\",\"url\":\"https:\\\/\\\/tastytravellife.com\\\/\",\"name\":\"Tasty Travel Life\",\"description\":\"Travel Tips, Adventures and Vegan Recipes\",\"publisher\":{\"@id\":\"https:\\\/\\\/tastytravellife.com\\\/#organization\"},\"alternateName\":\"Tasty Travel Life\",\"potentialAction\":[{\"@type\":\"SearchAction\",\"target\":{\"@type\":\"EntryPoint\",\"urlTemplate\":\"https:\\\/\\\/tastytravellife.com\\\/?s={search_term_string}\"},\"query-input\":{\"@type\":\"PropertyValueSpecification\",\"valueRequired\":true,\"valueName\":\"search_term_string\"}}],\"inLanguage\":\"fr-FR\"},{\"@type\":\"Organization\",\"@id\":\"https:\\\/\\\/tastytravellife.com\\\/#organization\",\"name\":\"Tasty Travel Life\",\"url\":\"https:\\\/\\\/tastytravellife.com\\\/\",\"logo\":{\"@type\":\"ImageObject\",\"inLanguage\":\"fr-FR\",\"@id\":\"https:\\\/\\\/tastytravellife.com\\\/#\\\/schema\\\/logo\\\/image\\\/\",\"url\":\"https:\\\/\\\/tastytravellife.com\\\/wp-content\\\/uploads\\\/2022\\\/03\\\/Mendy-Zaal-1.png\",\"contentUrl\":\"https:\\\/\\\/tastytravellife.com\\\/wp-content\\\/uploads\\\/2022\\\/03\\\/Mendy-Zaal-1.png\",\"width\":499,\"height\":499,\"caption\":\"Tasty Travel Life\"},\"image\":{\"@id\":\"https:\\\/\\\/tastytravellife.com\\\/#\\\/schema\\\/logo\\\/image\\\/\"},\"sameAs\":[\"https:\\\/\\\/www.facebook.com\\\/tasty.travel.life\",\"https:\\\/\\\/x.com\\\/TastyTravelLife\",\"https:\\\/\\\/www.instagram.com\\\/tasty.travel.life\\\/\",\"https:\\\/\\\/www.pinterest.com\\\/tastytravellife\\\/\"]}]}<\/script>\n<!-- \/ Yoast SEO plugin. -->","yoast_head_json":{"title":"Recherche de destination de voyage | Voyages gourmands","description":"Cette carte propose de nombreuses destinations de voyage exceptionnelles, que ce soit en avion, en voiture ou en camping-car. Trouvez votre prochaine destination d\u00e8s maintenant\u00a0!","robots":{"index":"index","follow":"follow","max-snippet":"max-snippet:-1","max-image-preview":"max-image-preview:large","max-video-preview":"max-video-preview:-1"},"canonical":"https:\/\/tastytravellife.com\/fr\/recherche-destination-voyage\/","og_locale":"fr_FR","og_type":"article","og_title":"Travel Destination Search | Tasty Travel Life","og_description":"This map contains multiple amazing travel destinations by plane, car or camper. Go search for your next travel destination now!","og_url":"https:\/\/tastytravellife.com\/fr\/recherche-destination-voyage\/","og_site_name":"Tasty Travel Life","article_publisher":"https:\/\/www.facebook.com\/tasty.travel.life","article_modified_time":"2022-07-15T14:32:57+00:00","og_image":[{"width":136,"height":136,"url":"https:\/\/tastytravellife.com\/wp-content\/uploads\/2022\/03\/fav-icon-Tasty-Travel-Life.png","type":"image\/png"}],"twitter_card":"summary_large_image","twitter_site":"@TastyTravelLife","twitter_misc":{"Dur\u00e9e de lecture estim\u00e9e":"1 minute"},"schema":{"@context":"https:\/\/schema.org","@graph":[{"@type":"WebPage","@id":"https:\/\/tastytravellife.com\/travel-destination-search\/","url":"https:\/\/tastytravellife.com\/travel-destination-search\/","name":"Recherche de destination de voyage | Voyages gourmands","isPartOf":{"@id":"https:\/\/tastytravellife.com\/#website"},"primaryImageOfPage":{"@id":"https:\/\/tastytravellife.com\/travel-destination-search\/#primaryimage"},"image":{"@id":"https:\/\/tastytravellife.com\/travel-destination-search\/#primaryimage"},"thumbnailUrl":"https:\/\/tastytravellife.com\/wp-content\/uploads\/2022\/03\/fav-icon-Tasty-Travel-Life.png","datePublished":"2022-07-01T15:12:35+00:00","dateModified":"2022-07-15T14:32:57+00:00","description":"Cette carte propose de nombreuses destinations de voyage exceptionnelles, que ce soit en avion, en voiture ou en camping-car. Trouvez votre prochaine destination d\u00e8s maintenant\u00a0!","breadcrumb":{"@id":"https:\/\/tastytravellife.com\/travel-destination-search\/#breadcrumb"},"inLanguage":"fr-FR","potentialAction":[{"@type":"ReadAction","target":["https:\/\/tastytravellife.com\/travel-destination-search\/"]}]},{"@type":"ImageObject","inLanguage":"fr-FR","@id":"https:\/\/tastytravellife.com\/travel-destination-search\/#primaryimage","url":"https:\/\/tastytravellife.com\/wp-content\/uploads\/2022\/03\/fav-icon-Tasty-Travel-Life.png","contentUrl":"https:\/\/tastytravellife.com\/wp-content\/uploads\/2022\/03\/fav-icon-Tasty-Travel-Life.png","width":136,"height":136,"caption":"fav icon Tasty Travel Life"},{"@type":"BreadcrumbList","@id":"https:\/\/tastytravellife.com\/travel-destination-search\/#breadcrumb","itemListElement":[{"@type":"ListItem","position":1,"name":"Home","item":"https:\/\/tastytravellife.com\/"},{"@type":"ListItem","position":2,"name":"Travel Destination Search"}]},{"@type":"WebSite","@id":"https:\/\/tastytravellife.com\/#website","url":"https:\/\/tastytravellife.com\/","name":"Tasty Travel Life","description":"Conseils de voyage, aventures et recettes v\u00e9g\u00e9taliennes","publisher":{"@id":"https:\/\/tastytravellife.com\/#organization"},"alternateName":"Tasty Travel Life","potentialAction":[{"@type":"SearchAction","target":{"@type":"EntryPoint","urlTemplate":"https:\/\/tastytravellife.com\/?s={search_term_string}"},"query-input":{"@type":"PropertyValueSpecification","valueRequired":true,"valueName":"search_term_string"}}],"inLanguage":"fr-FR"},{"@type":"Organization","@id":"https:\/\/tastytravellife.com\/#organization","name":"Tasty Travel Life","url":"https:\/\/tastytravellife.com\/","logo":{"@type":"ImageObject","inLanguage":"fr-FR","@id":"https:\/\/tastytravellife.com\/#\/schema\/logo\/image\/","url":"https:\/\/tastytravellife.com\/wp-content\/uploads\/2022\/03\/Mendy-Zaal-1.png","contentUrl":"https:\/\/tastytravellife.com\/wp-content\/uploads\/2022\/03\/Mendy-Zaal-1.png","width":499,"height":499,"caption":"Tasty Travel Life"},"image":{"@id":"https:\/\/tastytravellife.com\/#\/schema\/logo\/image\/"},"sameAs":["https:\/\/www.facebook.com\/tasty.travel.life","https:\/\/x.com\/TastyTravelLife","https:\/\/www.instagram.com\/tasty.travel.life\/","https:\/\/www.pinterest.com\/tastytravellife\/"]}]}},"_links":{"self":[{"href":"https:\/\/tastytravellife.com\/fr\/wp-json\/wp\/v2\/pages\/2337","targetHints":{"allow":["GET"]}}],"collection":[{"href":"https:\/\/tastytravellife.com\/fr\/wp-json\/wp\/v2\/pages"}],"about":[{"href":"https:\/\/tastytravellife.com\/fr\/wp-json\/wp\/v2\/types\/page"}],"author":[{"embeddable":true,"href":"https:\/\/tastytravellife.com\/fr\/wp-json\/wp\/v2\/users\/1"}],"replies":[{"embeddable":true,"href":"https:\/\/tastytravellife.com\/fr\/wp-json\/wp\/v2\/comments?post=2337"}],"version-history":[{"count":0,"href":"https:\/\/tastytravellife.com\/fr\/wp-json\/wp\/v2\/pages\/2337\/revisions"}],"wp:featuredmedia":[{"embeddable":true,"href":"https:\/\/tastytravellife.com\/fr\/wp-json\/wp\/v2\/media\/1423"}],"wp:attachment":[{"href":"https:\/\/tastytravellife.com\/fr\/wp-json\/wp\/v2\/media?parent=2337"}],"curies":[{"name":"wp","href":"https:\/\/api.w.org\/{rel}","templated":true}]}}