{"id":3528,"date":"2023-01-17T19:49:30","date_gmt":"2023-01-17T17:49:30","guid":{"rendered":"https:\/\/tastytravellife.com\/?page_id=3528"},"modified":"2025-09-23T18:54:40","modified_gmt":"2025-09-23T16:54:40","slug":"liens-affiliation","status":"publish","type":"page","link":"https:\/\/tastytravellife.com\/fr\/liens-affiliation\/","title":{"rendered":"Faire un don avec des liens d&#039;affiliation"},"content":{"rendered":"<p>Sur cette page, vous trouverez tous mes liens d&#039;affiliation. En achetant via ces liens, vous ne paierez rien de plus, mais je percevrai une petite commission. Pour couronner le tout, je vous propose\u00a0: <strong>faire un don 50%<\/strong> Je reverserai une partie de mes revenus d&#039;affiliation \u00e0 des \u0153uvres caritatives. Je me concentrerai sur des \u0153uvres durables, respectueuses de l&#039;environnement et respectueuses des animaux. Cela pourrait consister \u00e0 planter des arbres, \u00e0 nettoyer les oc\u00e9ans, \u00e0 aider les refuges pour animaux locaux et bien d&#039;autres choses encore. Je vous tiendrai au courant des dons effectu\u00e9s et de ce que nous avons accompli ensemble. Il est temps de cliquer sur ces liens. N&#039;oubliez pas ces liens pour votre prochain besoin en ligne\u00a0!<\/p>\n\n\n\n<p>Ensemble, nous pouvons rendre le monde meilleur ! <\/p>\n\n\n\n<div class=\"referal-block\">\n\t<div class=\"grid grid-cols-1 items-center\">\n\t\t<a\n\t\t\tclass=\"p-2 hover:bg-[#ecf6ea]\"\n\t\t\thref=\"https:\/\/r.tastytravellife.com\/airalo\"\n\t\t\ttarget=\"_blank\"\n\t\t\trel=\"noreferrer noopener sponsored nofollow\"\n\t\t>\n\t\t\t<div class=\"flex items-center gap-2\">\n\t\t\t\t<i class=\"fas fa-phone fa-2x fa-fw\" aria-hidden=\"true\"><\/i>\n\t\t\t\t<span>\n\t\t\t\t\tBesoin d&#039;une E-SIM ? Consultez ici. \n\t\t\t\t\t<p class=\"mb-0 text-xs\">via Airalo<\/p>\n\t\t\t\t<\/span>\n\t\t\t<\/div>\n\t\t<\/a>\n<a\n\t\t\tclass=\"p-2 hover:bg-[#ecf6ea]\"\n\t\t\thref=\"https:\/\/r.tastytravellife.com\/eurocampings\"\n\t\t\ttarget=\"_blank\"\n\t\t\trel=\"noreferrer noopener sponsored nofollow\"\n\t\t>\n\t\t\t<div class=\"flex items-center gap-2\">\n\t\t\t\t<i class=\"fas fa-campground fa-2x fa-fw\" aria-hidden=\"true\"><\/i>\n\t\t\t\t<span>\n\t\t\t\t\tD\u00e9couvrez des lieux de camping incroyables en Europe\n\t\t\t\t\t<p class=\"mb-0 text-xs\">sur ACSI Eurocampings<\/p>\n\t\t\t\t<\/span>\n\t\t\t<\/div>\n\t\t<\/a>\n\t\t<a\n\t\t\tclass=\"p-2 hover:bg-[#ecf6ea]\"\n\t\t\thref=\"https:\/\/r.tastytravellife.com\/booking\"\n\t\t\ttarget=\"_blank\"\n\t\t\trel=\"noreferrer noopener sponsored nofollow\"\n\t\t>\n\t\t\t<div class=\"flex items-center gap-2\">\n\t\t\t\t<i class=\"fas fa-home fa-2x fa-fw\" aria-hidden=\"true\"><\/i>\n\t\t\t\t<span>\n\t\t\t\t\tTrouvez votre prochain logement\n\t\t\t\t\t<p class=\"mb-0 text-xs\">via booking.com<\/p>\n\t\t\t\t<\/span>\n\t\t\t<\/div>\n\t\t<\/a>\n<a\n\t\t\tclass=\"p-2 hover:bg-[#ecf6ea]\"\n\t\t\thref=\"https:\/\/r.tastytravellife.com\/hostelworld\"\n\t\t\ttarget=\"_blank\"\n\t\t\trel=\"noreferrer noopener sponsored nofollow\"\n\t\t>\n\t\t\t<div class=\"flex items-center gap-2\">\n\t\t\t\t<i class=\"fas fa-bed fa-2x fa-fw\" aria-hidden=\"true\"><\/i>\n\t\t\t\t<span>\n\t\t\t\t\tVous cherchez une auberge\u00a0? C&#039;est l&#039;endroit id\u00e9al. \n\t\t\t\t\t<p class=\"mb-0 text-xs\">via hostelworld.com<\/p>\n\t\t\t\t<\/span>\n\t\t\t<\/div>\n\t\t<\/a>\n\t\t<a\n\t\t\tclass=\"p-2 hover:bg-[#ecf6ea]\"\n\t\t\thref=\"https:\/\/r.tastytravellife.com\/wayaway\"\n\t\t\ttarget=\"_blank\"\n\t\t\trel=\"noreferrer noopener sponsored nofollow\"\n\t\t>\n\t\t\t<div class=\"flex items-center gap-2\">\n\t\t\t\t<i class=\"fas fa-plane fa-2x fa-fw\" aria-hidden=\"true\"><\/i>\n\t\t\t\t<span>\n\t\t\t\t\tTrouvez les billets d&#039;avion les moins chers\n\t\t\t\t\t<p class=\"mb-0 text-xs\">par Wayaway<\/p>\n\t\t\t\t<\/span>\n\t\t\t<\/div>\n\t\t<\/a>\n\t\t<a\n\t\t\tclass=\"p-2 hover:bg-[#ecf6ea]\"\n\t\t\thref=\"https:\/\/r.tastytravellife.com\/omio\"\n\t\t\ttarget=\"_blank\"\n\t\t\trel=\"noreferrer noopener sponsored nofollow\"\n\t\t>\n\t\t\t<div class=\"flex items-center gap-2\">\n\t\t\t\t<i class=\"fas fa-bus fa-2x fa-fw\" aria-hidden=\"true\"><\/i>\n\t\t\t\t<span>\n\t\t\t\t\tTrouvez des options de voyage durables avec des billets de bus et de train\n\t\t\t\t\t<p class=\"mb-0 text-xs\">par omio<\/p>\n\t\t\t\t<\/span>\n\t\t\t<\/div>\n\t\t<\/a>\n\t\t<a\n\t\t\tclass=\"p-2 hover:bg-[#ecf6ea]\"\n\t\t\thref=\"https:\/\/r.tastytravellife.com\/rentalcars\"\n\t\t\ttarget=\"_blank\"\n\t\t\trel=\"noreferrer noopener sponsored nofollow\"\n\t\t>\n\t\t\t<div class=\"flex items-center gap-2\">\n\t\t\t\t<i class=\"fas fa-car-side fa-2x fa-fw\" aria-hidden=\"true\"><\/i>\n\t\t\t\t<span>\n\t\t\t\t\tComparer les voitures de location\n\t\t\t\t\t<p class=\"mb-0 text-xs\">locationdevoitures.com<\/p>\n\t\t\t\t<\/span>\n\t\t\t<\/div>\n\t\t<\/a>\n\t\t<a\n\t\t\tclass=\"p-2 hover:bg-[#ecf6ea]\"\n\t\t\thref=\"https:\/\/r.tastytravellife.com\/getyourguide\"\n\t\t\ttarget=\"_blank\"\n\t\t\trel=\"noreferrer noopener sponsored nofollow\"\n\t\t>\n\t\t\t<div class=\"flex items-center gap-2\">\n\t\t\t\t<i class=\"fas fa-walking fa-2x fa-fw\" aria-hidden=\"true\"><\/i>\n\t\t\t\t<span>\n\t\t\t\t\tTrouvez des exp\u00e9riences incroyables\n\t\t\t\t\t<p class=\"mb-0 text-xs\">sur Getyourguide<\/p>\n\t\t\t\t<\/span>\n\t\t\t<\/div>\n\t\t<\/a>\n\t\t<a\n\t\t\tclass=\"p-2 hover:bg-[#ecf6ea]\"\n\t\t\thref=\"https:\/\/r.tastytravellife.com\/vrijbuiter\"\n\t\t\ttarget=\"_blank\"\n\t\t\trel=\"noreferrer noopener sponsored nofollow\"\n\t\t>\n\t\t\t<div class=\"flex items-center gap-2\">\n\t\t\t\t<i class=\"fas fa-hiking fa-2x fa-fw\" aria-hidden=\"true\"><\/i>\n\t\t\t\t<span>\n\t\t\t\t\t\u00c9quipement de plein air\n\t\t\t\t\t<p class=\"mb-0 text-xs\">\n\t\t\t\t\t\tTout ce dont vous avez besoin pour le camping, les voyages ou les week-ends via Vrijbuiter\n\t\t\t\t\t<\/p>\n\t\t\t\t<\/span>\n\t\t\t<\/div>\n\t\t<\/a>\n\t\t<a\n\t\t\tclass=\"p-2 hover:bg-[#ecf6ea]\"\n\t\t\thref=\"https:\/\/r.tastytravellife.com\/hema\/cleanbeauty\"\n\t\t\ttarget=\"_blank\"\n\t\t\trel=\"noreferrer noopener sponsored nofollow\"\n\t\t>\n\t\t\t<div class=\"flex items-center gap-2\">\n\t\t\t\t<i class=\"fas fa-leaf fa-2x fa-fw\" aria-hidden=\"true\"><\/i>\n\t\t\t\t<span>\n\t\t\t\t\tDes produits de beaut\u00e9 vegan et clean faciles \u00e0 trouver\n\t\t\t\t\t<p class=\"mb-0 text-xs\">HEMA en ligne<\/p>\n\t\t\t\t<\/span>\n\t\t\t<\/div>\n\t\t<\/a>\n\t\t<a\n\t\t\tclass=\"p-2 hover:bg-[#ecf6ea]\"\n\t\t\thref=\"https:\/\/r.tastytravellife.com\/wise\"\n\t\t\ttarget=\"_blank\"\n\t\t\trel=\"noreferrer noopener sponsored nofollow\"\n\t\t>\n\t\t\t<div class=\"flex items-center gap-2\">\n\t\t\t\t<i class=\"fab fa-cc-visa fa-2x fa-fw\" aria-hidden=\"true\"><\/i>\n\t\t\t\t<span>\n\t\t\t\t\tUtilisez la m\u00eame carte multidevises que nous\n\t\t\t\t\t<p class=\"mb-0 text-xs\">D\u00e9couvrez sur Wise<\/p>\n\t\t\t\t<\/span>\n\t\t\t<\/div>\n\t\t<\/a>\n\t\t<a\n\t\t\tclass=\"p-2 hover:bg-[#ecf6ea]\"\n\t\t\thref=\"https:\/\/r.tastytravellife.com\/bol\"\n\t\t\ttarget=\"_blank\"\n\t\t\trel=\"noreferrer noopener sponsored nofollow\"\n\t\t>\n\t\t\t<div class=\"flex items-center gap-2\">\n\t\t\t\t<i class=\"fas fa-laptop fa-2x fa-fw\" aria-hidden=\"true\"><\/i>\n\t\t\t\t<span>\n\t\t\t\t\tD\u00e9couvrez d&#039;autres produits dont vous avez besoin\n\t\t\t\t\t<p class=\"mb-0 text-xs\">via Bol.com<\/p>\n\t\t\t\t<\/span>\n\t\t\t<\/div>\n\t\t<\/a>\n\t\t<a\n\t\t\tclass=\"p-2 hover:bg-[#ecf6ea]\"\n\t\t\thref=\"https:\/\/r.tastytravellife.com\/kofi\"\n\t\t\ttarget=\"_blank\"\n\t\t\trel=\"noreferrer noopener sponsored nofollow\"\n\t\t>\n\t\t\t<div class=\"flex items-center gap-2\">\n\t\t\t\t<i class=\"fas fa-coffee fa-2x fa-fw\" aria-hidden=\"true\"><\/i>\n\t\t\t\t<span>\n\t\t\t\t\tSoutenez ce blog sans acheter en ligne\n\t\t\t\t\t<p class=\"mb-0 text-xs\">ach\u00e8te-moi un caf\u00e9<\/p>\n\t\t\t\t<\/span>\n\t\t\t<\/div>\n\t\t<\/a>\n\t<\/div>\n<\/div>","protected":false},"excerpt":{"rendered":"<p>Sur cette page, vous trouverez tous mes liens d&#039;affiliation. En achetant via ces liens, vous ne paierez rien de plus, mais je percevrai une petite commission. Pour couronner le tout, je reverserai 50% des revenus de mes liens d&#039;affiliation \u00e0 des associations caritatives. Je me concentrerai sur le d\u00e9veloppement durable, la protection de l&#039;environnement et le respect des animaux.<\/p>","protected":false},"author":1,"featured_media":0,"parent":0,"menu_order":0,"comment_status":"closed","ping_status":"closed","template":"page-with-sidebar","meta":{"wprm-recipe-roundup-name":"","wprm-recipe-roundup-description":"","footnotes":""},"class_list":["post-3528","page","type-page","status-publish","hentry"],"yoast_head":"<!-- This site is optimized with the Yoast SEO plugin v27.3 - https:\/\/yoast.com\/product\/yoast-seo-wordpress\/ -->\n<title>Donate with Affiliate links | Tasty Travel Life<\/title>\n<meta name=\"description\" content=\"On this page you can find all my affiliate links. By purchasing through these links, you will not pay anything extra, but I will receive a small fee. To\" \/>\n<meta name=\"robots\" content=\"index, follow, max-snippet:-1, max-image-preview:large, max-video-preview:-1\" \/>\n<link rel=\"canonical\" href=\"https:\/\/tastytravellife.com\/fr\/liens-affiliation\/\" \/>\n<meta property=\"og:locale\" content=\"fr_FR\" \/>\n<meta property=\"og:type\" content=\"article\" \/>\n<meta property=\"og:title\" content=\"Donate with Affiliate links | Tasty Travel Life\" \/>\n<meta property=\"og:description\" content=\"On this page you can find all my affiliate links. By purchasing through these links, you will not pay anything extra, but I will receive a small fee. To\" \/>\n<meta property=\"og:url\" content=\"https:\/\/tastytravellife.com\/fr\/liens-affiliation\/\" \/>\n<meta property=\"og:site_name\" content=\"Tasty Travel Life\" \/>\n<meta property=\"article:publisher\" content=\"https:\/\/www.facebook.com\/tasty.travel.life\" \/>\n<meta property=\"article:modified_time\" content=\"2025-09-23T16:54:40+00:00\" \/>\n<meta name=\"twitter:card\" content=\"summary_large_image\" \/>\n<meta name=\"twitter:site\" content=\"@TastyTravelLife\" \/>\n<meta name=\"twitter:label1\" content=\"Dur\u00e9e de lecture estim\u00e9e\" \/>\n\t<meta name=\"twitter:data1\" content=\"2 minutes\" \/>\n<script type=\"application\/ld+json\" class=\"yoast-schema-graph\">{\"@context\":\"https:\\\/\\\/schema.org\",\"@graph\":[{\"@type\":\"WebPage\",\"@id\":\"https:\\\/\\\/tastytravellife.com\\\/affiliate-links\\\/\",\"url\":\"https:\\\/\\\/tastytravellife.com\\\/affiliate-links\\\/\",\"name\":\"Donate with Affiliate links | Tasty Travel Life\",\"isPartOf\":{\"@id\":\"https:\\\/\\\/tastytravellife.com\\\/#website\"},\"datePublished\":\"2023-01-17T17:49:30+00:00\",\"dateModified\":\"2025-09-23T16:54:40+00:00\",\"description\":\"On this page you can find all my affiliate links. By purchasing through these links, you will not pay anything extra, but I will receive a small fee. To\",\"breadcrumb\":{\"@id\":\"https:\\\/\\\/tastytravellife.com\\\/affiliate-links\\\/#breadcrumb\"},\"inLanguage\":\"fr-FR\",\"potentialAction\":[{\"@type\":\"ReadAction\",\"target\":[\"https:\\\/\\\/tastytravellife.com\\\/affiliate-links\\\/\"]}]},{\"@type\":\"BreadcrumbList\",\"@id\":\"https:\\\/\\\/tastytravellife.com\\\/affiliate-links\\\/#breadcrumb\",\"itemListElement\":[{\"@type\":\"ListItem\",\"position\":1,\"name\":\"Home\",\"item\":\"https:\\\/\\\/tastytravellife.com\\\/\"},{\"@type\":\"ListItem\",\"position\":2,\"name\":\"Donate with Affiliate links\"}]},{\"@type\":\"WebSite\",\"@id\":\"https:\\\/\\\/tastytravellife.com\\\/#website\",\"url\":\"https:\\\/\\\/tastytravellife.com\\\/\",\"name\":\"Tasty Travel Life\",\"description\":\"Travel Tips, Adventures and Vegan Recipes\",\"publisher\":{\"@id\":\"https:\\\/\\\/tastytravellife.com\\\/#organization\"},\"alternateName\":\"Tasty Travel Life\",\"potentialAction\":[{\"@type\":\"SearchAction\",\"target\":{\"@type\":\"EntryPoint\",\"urlTemplate\":\"https:\\\/\\\/tastytravellife.com\\\/?s={search_term_string}\"},\"query-input\":{\"@type\":\"PropertyValueSpecification\",\"valueRequired\":true,\"valueName\":\"search_term_string\"}}],\"inLanguage\":\"fr-FR\"},{\"@type\":\"Organization\",\"@id\":\"https:\\\/\\\/tastytravellife.com\\\/#organization\",\"name\":\"Tasty Travel Life\",\"url\":\"https:\\\/\\\/tastytravellife.com\\\/\",\"logo\":{\"@type\":\"ImageObject\",\"inLanguage\":\"fr-FR\",\"@id\":\"https:\\\/\\\/tastytravellife.com\\\/#\\\/schema\\\/logo\\\/image\\\/\",\"url\":\"https:\\\/\\\/tastytravellife.com\\\/wp-content\\\/uploads\\\/2022\\\/03\\\/Mendy-Zaal-1.png\",\"contentUrl\":\"https:\\\/\\\/tastytravellife.com\\\/wp-content\\\/uploads\\\/2022\\\/03\\\/Mendy-Zaal-1.png\",\"width\":499,\"height\":499,\"caption\":\"Tasty Travel Life\"},\"image\":{\"@id\":\"https:\\\/\\\/tastytravellife.com\\\/#\\\/schema\\\/logo\\\/image\\\/\"},\"sameAs\":[\"https:\\\/\\\/www.facebook.com\\\/tasty.travel.life\",\"https:\\\/\\\/x.com\\\/TastyTravelLife\",\"https:\\\/\\\/www.instagram.com\\\/tasty.travel.life\\\/\",\"https:\\\/\\\/www.pinterest.com\\\/tastytravellife\\\/\"]}]}<\/script>\n<!-- \/ Yoast SEO plugin. -->","yoast_head_json":{"title":"Faire un don avec des liens d&#039;affiliation | Tasty Travel Life","description":"Sur cette page, vous trouverez tous mes liens d&#039;affiliation. En achetant via ces liens, vous ne paierez rien de plus, mais je recevrai une petite commission.","robots":{"index":"index","follow":"follow","max-snippet":"max-snippet:-1","max-image-preview":"max-image-preview:large","max-video-preview":"max-video-preview:-1"},"canonical":"https:\/\/tastytravellife.com\/fr\/liens-affiliation\/","og_locale":"fr_FR","og_type":"article","og_title":"Donate with Affiliate links | Tasty Travel Life","og_description":"On this page you can find all my affiliate links. By purchasing through these links, you will not pay anything extra, but I will receive a small fee. To","og_url":"https:\/\/tastytravellife.com\/fr\/liens-affiliation\/","og_site_name":"Tasty Travel Life","article_publisher":"https:\/\/www.facebook.com\/tasty.travel.life","article_modified_time":"2025-09-23T16:54:40+00:00","twitter_card":"summary_large_image","twitter_site":"@TastyTravelLife","twitter_misc":{"Dur\u00e9e de lecture estim\u00e9e":"2 minutes"},"schema":{"@context":"https:\/\/schema.org","@graph":[{"@type":"WebPage","@id":"https:\/\/tastytravellife.com\/affiliate-links\/","url":"https:\/\/tastytravellife.com\/affiliate-links\/","name":"Faire un don avec des liens d&#039;affiliation | Tasty Travel Life","isPartOf":{"@id":"https:\/\/tastytravellife.com\/#website"},"datePublished":"2023-01-17T17:49:30+00:00","dateModified":"2025-09-23T16:54:40+00:00","description":"Sur cette page, vous trouverez tous mes liens d&#039;affiliation. En achetant via ces liens, vous ne paierez rien de plus, mais je recevrai une petite commission.","breadcrumb":{"@id":"https:\/\/tastytravellife.com\/affiliate-links\/#breadcrumb"},"inLanguage":"fr-FR","potentialAction":[{"@type":"ReadAction","target":["https:\/\/tastytravellife.com\/affiliate-links\/"]}]},{"@type":"BreadcrumbList","@id":"https:\/\/tastytravellife.com\/affiliate-links\/#breadcrumb","itemListElement":[{"@type":"ListItem","position":1,"name":"Home","item":"https:\/\/tastytravellife.com\/"},{"@type":"ListItem","position":2,"name":"Donate with Affiliate links"}]},{"@type":"WebSite","@id":"https:\/\/tastytravellife.com\/#website","url":"https:\/\/tastytravellife.com\/","name":"Tasty Travel Life","description":"Conseils de voyage, aventures et recettes v\u00e9g\u00e9taliennes","publisher":{"@id":"https:\/\/tastytravellife.com\/#organization"},"alternateName":"Tasty Travel Life","potentialAction":[{"@type":"SearchAction","target":{"@type":"EntryPoint","urlTemplate":"https:\/\/tastytravellife.com\/?s={search_term_string}"},"query-input":{"@type":"PropertyValueSpecification","valueRequired":true,"valueName":"search_term_string"}}],"inLanguage":"fr-FR"},{"@type":"Organization","@id":"https:\/\/tastytravellife.com\/#organization","name":"Tasty Travel Life","url":"https:\/\/tastytravellife.com\/","logo":{"@type":"ImageObject","inLanguage":"fr-FR","@id":"https:\/\/tastytravellife.com\/#\/schema\/logo\/image\/","url":"https:\/\/tastytravellife.com\/wp-content\/uploads\/2022\/03\/Mendy-Zaal-1.png","contentUrl":"https:\/\/tastytravellife.com\/wp-content\/uploads\/2022\/03\/Mendy-Zaal-1.png","width":499,"height":499,"caption":"Tasty Travel Life"},"image":{"@id":"https:\/\/tastytravellife.com\/#\/schema\/logo\/image\/"},"sameAs":["https:\/\/www.facebook.com\/tasty.travel.life","https:\/\/x.com\/TastyTravelLife","https:\/\/www.instagram.com\/tasty.travel.life\/","https:\/\/www.pinterest.com\/tastytravellife\/"]}]}},"_links":{"self":[{"href":"https:\/\/tastytravellife.com\/fr\/wp-json\/wp\/v2\/pages\/3528","targetHints":{"allow":["GET"]}}],"collection":[{"href":"https:\/\/tastytravellife.com\/fr\/wp-json\/wp\/v2\/pages"}],"about":[{"href":"https:\/\/tastytravellife.com\/fr\/wp-json\/wp\/v2\/types\/page"}],"author":[{"embeddable":true,"href":"https:\/\/tastytravellife.com\/fr\/wp-json\/wp\/v2\/users\/1"}],"replies":[{"embeddable":true,"href":"https:\/\/tastytravellife.com\/fr\/wp-json\/wp\/v2\/comments?post=3528"}],"version-history":[{"count":2,"href":"https:\/\/tastytravellife.com\/fr\/wp-json\/wp\/v2\/pages\/3528\/revisions"}],"predecessor-version":[{"id":5957,"href":"https:\/\/tastytravellife.com\/fr\/wp-json\/wp\/v2\/pages\/3528\/revisions\/5957"}],"wp:attachment":[{"href":"https:\/\/tastytravellife.com\/fr\/wp-json\/wp\/v2\/media?parent=3528"}],"curies":[{"name":"wp","href":"https:\/\/api.w.org\/{rel}","templated":true}]}}