{"id":86,"date":"2022-02-14T20:44:47","date_gmt":"2022-02-14T20:44:47","guid":{"rendered":"http:\/\/tastytravellife.com\/about-me\/"},"modified":"2025-11-29T14:28:20","modified_gmt":"2025-11-29T12:28:20","slug":"sur-moi","status":"publish","type":"page","link":"https:\/\/tastytravellife.com\/fr\/sur-moi\/","title":{"rendered":"Sur moi"},"content":{"rendered":"<figure class=\"wp-block-image alignleft size-large is-resized\"><img loading=\"lazy\" decoding=\"async\" width=\"1024\" height=\"1024\" src=\"https:\/\/tastytravellife.com\/wp-content\/uploads\/2023\/01\/Mendy-Zaal-Tasty-Travel-Life-Owner-1024x1024.png\" alt=\"Mendy Zaal Propri\u00e9taire de Tasty Travel Life\" class=\"wp-image-3596\" style=\"width:281px;height:281px\"\/><\/figure>\n\n\n\n<p>Je m'appelle Mendy Zaal et j'ai 28 ans. Ma passion pour les voyages est n\u00e9e en Nouvelle-Z\u00e9lande. Durant mes premi\u00e8res ann\u00e9es de master en sciences biopharmaceutiques, j'ai d\u00e9cid\u00e9 de faire un stage l'ann\u00e9e suivante en Nouvelle-Z\u00e9lande. Mon petit ami \u00e9tait impatient de m'accompagner dans ce magnifique pays et notre aventure a commenc\u00e9. Les six mois de stage se sont \u00e9galement transform\u00e9s en six mois suppl\u00e9mentaires de voyage \u00e0 travers la Nouvelle-Z\u00e9lande dans notre propre camping-car. Au total, nous sommes rest\u00e9s exactement un an en Nouvelle-Z\u00e9lande, la dur\u00e9e de notre visa. La nature n\u00e9o-z\u00e9landaise est \u00e0 couper le souffle et les exp\u00e9riences sont indescriptibles. La vie en camping-car nous a r\u00e9v\u00e9l\u00e9 ce qui compte vraiment dans la vie : le silence de la nature et le fait qu'il n'en faut pas beaucoup pour \u00eatre heureux. Nous constatons qu'il reste encore beaucoup \u00e0 voir en Europe, et c'est pourquoi notre aventure continue. Je souhaite partager cette aventure avec vous tous et vous montrer ce que la vie a \u00e0 offrir.<\/p>\n\n\n\n<p>&nbsp;<\/p>\n\n\n\n<p>La nourriture occupe une place tr\u00e8s importante dans ma vie. Elle m&#039;apporte joie et bonheur au quotidien. Avant, j&#039;avais beaucoup de mal avec ma relation avec la nourriture, mais aujourd&#039;hui, j&#039;appr\u00e9cie la nourriture plus que jamais et j&#039;\u00e9coute les besoins de mon corps. Personnellement, je suis v\u00e9g\u00e9talien, ce qui me comble de bonheur. Savoir que je n&#039;ai pas maltrait\u00e9 d&#039;animaux et que je suis plus durable me donne encore plus d&#039;amour et de gourmandise. J&#039;adore la bonne cuisine et vous le d\u00e9couvrirez en r\u00e9alisant mes recettes. J&#039;adore partager mes recettes avec vous et, comme je vis en camping-car, la plupart sont faciles \u00e0 r\u00e9aliser.<\/p>\n\n\n\n<p>Le nom \u00ab\u00a0voyage savoureux\u00a0\u00bb m&#039;est venu \u00e0 l&#039;esprit en repensant \u00e0 ma vie. Je voyage en camping-car vers les plus beaux endroits d&#039;Europe, mais je dois toujours manger un bon repas ou une collation.<\/p>\n\n\n\n<p>Aimez la nature, les animaux et surtout vous-m\u00eame. Profitez de la vie.<\/p>\n\n\n\n<p>&nbsp;<\/p>","protected":false},"excerpt":{"rendered":"<p>My name is Mendy Zaal and I am 28 years old. My passion for travelling began in New Zealand. In my first years of my master Bio-pharmaceutical sciences I decided to be an internship the next year in New Zealand. My boyfriend was eager to come with me to this beautiful country and our adventure [&hellip;]<\/p>","protected":false},"author":1,"featured_media":0,"parent":0,"menu_order":0,"comment_status":"closed","ping_status":"closed","template":"","meta":{"wprm-recipe-roundup-name":"","wprm-recipe-roundup-description":"","footnotes":""},"class_list":["post-86","page","type-page","status-publish","hentry"],"yoast_head":"<!-- This site is optimized with the Yoast SEO plugin v27.4 - https:\/\/yoast.com\/product\/yoast-seo-wordpress\/ -->\n<title>About me | Tasty Travel Life<\/title>\n<meta name=\"description\" content=\"My name is Mendy Zaal and I am 28 years old. My passion for travelling began in New Zealand. In my first years of my master Bio-pharmaceutical sciences I\" \/>\n<meta name=\"robots\" content=\"index, follow, max-snippet:-1, max-image-preview:large, max-video-preview:-1\" \/>\n<link rel=\"canonical\" href=\"https:\/\/tastytravellife.com\/fr\/sur-moi\/\" \/>\n<meta property=\"og:locale\" content=\"fr_FR\" \/>\n<meta property=\"og:type\" content=\"article\" \/>\n<meta property=\"og:title\" content=\"About me | Tasty Travel Life\" \/>\n<meta property=\"og:description\" content=\"My name is Mendy Zaal and I am 28 years old. My passion for travelling began in New Zealand. In my first years of my master Bio-pharmaceutical sciences I\" \/>\n<meta property=\"og:url\" content=\"https:\/\/tastytravellife.com\/fr\/sur-moi\/\" \/>\n<meta property=\"og:site_name\" content=\"Tasty Travel Life\" \/>\n<meta property=\"article:publisher\" content=\"https:\/\/www.facebook.com\/tasty.travel.life\" \/>\n<meta property=\"article:modified_time\" content=\"2025-11-29T12:28:20+00:00\" \/>\n<meta property=\"og:image\" content=\"https:\/\/tastytravellife.com\/wp-content\/uploads\/2023\/01\/Mendy-Zaal-Tasty-Travel-Life-Owner-e1679335831253.png\" \/>\n\t<meta property=\"og:image:width\" content=\"330\" \/>\n\t<meta property=\"og:image:height\" content=\"330\" \/>\n\t<meta property=\"og:image:type\" content=\"image\/png\" \/>\n<meta name=\"twitter:card\" content=\"summary_large_image\" \/>\n<meta name=\"twitter:site\" content=\"@TastyTravelLife\" \/>\n<meta name=\"twitter:label1\" content=\"Dur\u00e9e de lecture estim\u00e9e\" \/>\n\t<meta name=\"twitter:data1\" content=\"2 minutes\" \/>\n<script type=\"application\/ld+json\" class=\"yoast-schema-graph\">{\"@context\":\"https:\\\/\\\/schema.org\",\"@graph\":[{\"@type\":\"WebPage\",\"@id\":\"https:\\\/\\\/tastytravellife.com\\\/about-me\\\/\",\"url\":\"https:\\\/\\\/tastytravellife.com\\\/about-me\\\/\",\"name\":\"About me | Tasty Travel Life\",\"isPartOf\":{\"@id\":\"https:\\\/\\\/tastytravellife.com\\\/#website\"},\"primaryImageOfPage\":{\"@id\":\"https:\\\/\\\/tastytravellife.com\\\/about-me\\\/#primaryimage\"},\"image\":{\"@id\":\"https:\\\/\\\/tastytravellife.com\\\/about-me\\\/#primaryimage\"},\"thumbnailUrl\":\"https:\\\/\\\/tastytravellife.com\\\/wp-content\\\/uploads\\\/2023\\\/01\\\/Mendy-Zaal-Tasty-Travel-Life-Owner-1024x1024.png\",\"datePublished\":\"2022-02-14T20:44:47+00:00\",\"dateModified\":\"2025-11-29T12:28:20+00:00\",\"description\":\"My name is Mendy Zaal and I am 28 years old. My passion for travelling began in New Zealand. In my first years of my master Bio-pharmaceutical sciences I\",\"breadcrumb\":{\"@id\":\"https:\\\/\\\/tastytravellife.com\\\/about-me\\\/#breadcrumb\"},\"inLanguage\":\"fr-FR\",\"potentialAction\":[{\"@type\":\"ReadAction\",\"target\":[\"https:\\\/\\\/tastytravellife.com\\\/about-me\\\/\"]}]},{\"@type\":\"ImageObject\",\"inLanguage\":\"fr-FR\",\"@id\":\"https:\\\/\\\/tastytravellife.com\\\/about-me\\\/#primaryimage\",\"url\":\"https:\\\/\\\/tastytravellife.com\\\/wp-content\\\/uploads\\\/2023\\\/01\\\/Mendy-Zaal-Tasty-Travel-Life-Owner-1024x1024.png\",\"contentUrl\":\"https:\\\/\\\/tastytravellife.com\\\/wp-content\\\/uploads\\\/2023\\\/01\\\/Mendy-Zaal-Tasty-Travel-Life-Owner-1024x1024.png\"},{\"@type\":\"BreadcrumbList\",\"@id\":\"https:\\\/\\\/tastytravellife.com\\\/about-me\\\/#breadcrumb\",\"itemListElement\":[{\"@type\":\"ListItem\",\"position\":1,\"name\":\"Home\",\"item\":\"https:\\\/\\\/tastytravellife.com\\\/\"},{\"@type\":\"ListItem\",\"position\":2,\"name\":\"About me\"}]},{\"@type\":\"WebSite\",\"@id\":\"https:\\\/\\\/tastytravellife.com\\\/#website\",\"url\":\"https:\\\/\\\/tastytravellife.com\\\/\",\"name\":\"Tasty Travel Life\",\"description\":\"Travel Tips, Adventures and Vegan Recipes\",\"publisher\":{\"@id\":\"https:\\\/\\\/tastytravellife.com\\\/#organization\"},\"alternateName\":\"Tasty Travel Life\",\"potentialAction\":[{\"@type\":\"SearchAction\",\"target\":{\"@type\":\"EntryPoint\",\"urlTemplate\":\"https:\\\/\\\/tastytravellife.com\\\/?s={search_term_string}\"},\"query-input\":{\"@type\":\"PropertyValueSpecification\",\"valueRequired\":true,\"valueName\":\"search_term_string\"}}],\"inLanguage\":\"fr-FR\"},{\"@type\":\"Organization\",\"@id\":\"https:\\\/\\\/tastytravellife.com\\\/#organization\",\"name\":\"Tasty Travel Life\",\"url\":\"https:\\\/\\\/tastytravellife.com\\\/\",\"logo\":{\"@type\":\"ImageObject\",\"inLanguage\":\"fr-FR\",\"@id\":\"https:\\\/\\\/tastytravellife.com\\\/#\\\/schema\\\/logo\\\/image\\\/\",\"url\":\"https:\\\/\\\/tastytravellife.com\\\/wp-content\\\/uploads\\\/2022\\\/03\\\/Mendy-Zaal-1.png\",\"contentUrl\":\"https:\\\/\\\/tastytravellife.com\\\/wp-content\\\/uploads\\\/2022\\\/03\\\/Mendy-Zaal-1.png\",\"width\":499,\"height\":499,\"caption\":\"Tasty Travel Life\"},\"image\":{\"@id\":\"https:\\\/\\\/tastytravellife.com\\\/#\\\/schema\\\/logo\\\/image\\\/\"},\"sameAs\":[\"https:\\\/\\\/www.facebook.com\\\/tasty.travel.life\",\"https:\\\/\\\/x.com\\\/TastyTravelLife\",\"https:\\\/\\\/www.instagram.com\\\/tasty.travel.life\\\/\",\"https:\\\/\\\/www.pinterest.com\\\/tastytravellife\\\/\"]}]}<\/script>\n<!-- \/ Yoast SEO plugin. -->","yoast_head_json":{"title":"\u00c0 propos de moi | Tasty Travel Life","description":"My name is Mendy Zaal and I am 28 years old. My passion for travelling began in New Zealand. In my first years of my master Bio-pharmaceutical sciences I","robots":{"index":"index","follow":"follow","max-snippet":"max-snippet:-1","max-image-preview":"max-image-preview:large","max-video-preview":"max-video-preview:-1"},"canonical":"https:\/\/tastytravellife.com\/fr\/sur-moi\/","og_locale":"fr_FR","og_type":"article","og_title":"About me | Tasty Travel Life","og_description":"My name is Mendy Zaal and I am 28 years old. My passion for travelling began in New Zealand. In my first years of my master Bio-pharmaceutical sciences I","og_url":"https:\/\/tastytravellife.com\/fr\/sur-moi\/","og_site_name":"Tasty Travel Life","article_publisher":"https:\/\/www.facebook.com\/tasty.travel.life","article_modified_time":"2025-11-29T12:28:20+00:00","og_image":[{"width":330,"height":330,"url":"https:\/\/tastytravellife.com\/wp-content\/uploads\/2023\/01\/Mendy-Zaal-Tasty-Travel-Life-Owner-e1679335831253.png","type":"image\/png"}],"twitter_card":"summary_large_image","twitter_site":"@TastyTravelLife","twitter_misc":{"Dur\u00e9e de lecture estim\u00e9e":"2 minutes"},"schema":{"@context":"https:\/\/schema.org","@graph":[{"@type":"WebPage","@id":"https:\/\/tastytravellife.com\/about-me\/","url":"https:\/\/tastytravellife.com\/about-me\/","name":"\u00c0 propos de moi | Tasty Travel Life","isPartOf":{"@id":"https:\/\/tastytravellife.com\/#website"},"primaryImageOfPage":{"@id":"https:\/\/tastytravellife.com\/about-me\/#primaryimage"},"image":{"@id":"https:\/\/tastytravellife.com\/about-me\/#primaryimage"},"thumbnailUrl":"https:\/\/tastytravellife.com\/wp-content\/uploads\/2023\/01\/Mendy-Zaal-Tasty-Travel-Life-Owner-1024x1024.png","datePublished":"2022-02-14T20:44:47+00:00","dateModified":"2025-11-29T12:28:20+00:00","description":"My name is Mendy Zaal and I am 28 years old. My passion for travelling began in New Zealand. In my first years of my master Bio-pharmaceutical sciences I","breadcrumb":{"@id":"https:\/\/tastytravellife.com\/about-me\/#breadcrumb"},"inLanguage":"fr-FR","potentialAction":[{"@type":"ReadAction","target":["https:\/\/tastytravellife.com\/about-me\/"]}]},{"@type":"ImageObject","inLanguage":"fr-FR","@id":"https:\/\/tastytravellife.com\/about-me\/#primaryimage","url":"https:\/\/tastytravellife.com\/wp-content\/uploads\/2023\/01\/Mendy-Zaal-Tasty-Travel-Life-Owner-1024x1024.png","contentUrl":"https:\/\/tastytravellife.com\/wp-content\/uploads\/2023\/01\/Mendy-Zaal-Tasty-Travel-Life-Owner-1024x1024.png"},{"@type":"BreadcrumbList","@id":"https:\/\/tastytravellife.com\/about-me\/#breadcrumb","itemListElement":[{"@type":"ListItem","position":1,"name":"Home","item":"https:\/\/tastytravellife.com\/"},{"@type":"ListItem","position":2,"name":"About me"}]},{"@type":"WebSite","@id":"https:\/\/tastytravellife.com\/#website","url":"https:\/\/tastytravellife.com\/","name":"Tasty Travel Life","description":"Conseils de voyage, aventures et recettes v\u00e9g\u00e9taliennes","publisher":{"@id":"https:\/\/tastytravellife.com\/#organization"},"alternateName":"Tasty Travel Life","potentialAction":[{"@type":"SearchAction","target":{"@type":"EntryPoint","urlTemplate":"https:\/\/tastytravellife.com\/?s={search_term_string}"},"query-input":{"@type":"PropertyValueSpecification","valueRequired":true,"valueName":"search_term_string"}}],"inLanguage":"fr-FR"},{"@type":"Organization","@id":"https:\/\/tastytravellife.com\/#organization","name":"Tasty Travel Life","url":"https:\/\/tastytravellife.com\/","logo":{"@type":"ImageObject","inLanguage":"fr-FR","@id":"https:\/\/tastytravellife.com\/#\/schema\/logo\/image\/","url":"https:\/\/tastytravellife.com\/wp-content\/uploads\/2022\/03\/Mendy-Zaal-1.png","contentUrl":"https:\/\/tastytravellife.com\/wp-content\/uploads\/2022\/03\/Mendy-Zaal-1.png","width":499,"height":499,"caption":"Tasty Travel Life"},"image":{"@id":"https:\/\/tastytravellife.com\/#\/schema\/logo\/image\/"},"sameAs":["https:\/\/www.facebook.com\/tasty.travel.life","https:\/\/x.com\/TastyTravelLife","https:\/\/www.instagram.com\/tasty.travel.life\/","https:\/\/www.pinterest.com\/tastytravellife\/"]}]}},"_links":{"self":[{"href":"https:\/\/tastytravellife.com\/fr\/wp-json\/wp\/v2\/pages\/86","targetHints":{"allow":["GET"]}}],"collection":[{"href":"https:\/\/tastytravellife.com\/fr\/wp-json\/wp\/v2\/pages"}],"about":[{"href":"https:\/\/tastytravellife.com\/fr\/wp-json\/wp\/v2\/types\/page"}],"author":[{"embeddable":true,"href":"https:\/\/tastytravellife.com\/fr\/wp-json\/wp\/v2\/users\/1"}],"replies":[{"embeddable":true,"href":"https:\/\/tastytravellife.com\/fr\/wp-json\/wp\/v2\/comments?post=86"}],"version-history":[{"count":1,"href":"https:\/\/tastytravellife.com\/fr\/wp-json\/wp\/v2\/pages\/86\/revisions"}],"predecessor-version":[{"id":5986,"href":"https:\/\/tastytravellife.com\/fr\/wp-json\/wp\/v2\/pages\/86\/revisions\/5986"}],"wp:attachment":[{"href":"https:\/\/tastytravellife.com\/fr\/wp-json\/wp\/v2\/media?parent=86"}],"curies":[{"name":"wp","href":"https:\/\/api.w.org\/{rel}","templated":true}]}}